{"id":12540,"date":"2019-12-20T10:16:54","date_gmt":"2019-12-20T09:16:54","guid":{"rendered":"https:\/\/hei.eus\/?page_id=12540"},"modified":"2019-12-20T10:24:21","modified_gmt":"2019-12-20T09:24:21","slug":"aviso-legal","status":"publish","type":"page","link":"https:\/\/hei.eus\/es\/aviso-legal\/","title":{"rendered":"Aviso legal"},"content":{"rendered":"<p><\/p>\n<h3>Aviso legal<\/h3>\n<p>Informaci\u00f3n general en cumplimiento de la \u00abLey de Servicios de la Sociedad de la Informaci\u00f3n y de Comercio Electr\u00f3nico (Lssice), Ley 34\/2002 de 11 de Julio\u00bb<\/p>\n<h4>Titularidad del sitio web<\/h4>\n<p><strong>Dominio<\/strong>: www.hei.eus<br \/>\n<strong>Titular<\/strong>: Ayuntamiento de Vitoria-Gasteiz<br \/>\n<strong>Domicilio social<\/strong>: Plaza Espa\u00f1a 1, 01001 Vitoria-Gasteiz<br \/>\n<strong>Tfno<\/strong>.: 34 945 16 16 16<br \/>\n<strong>Fax<\/strong>: 34 945 23 27 97<br \/>\n<strong>E-mail<\/strong>: <a href=\"mailto:informacion@vitoria-gasteiz.org\" target=\"_blank\" rel=\"external noopener noreferrer\">informacion@vitoria-gasteiz.org<\/a> <strong><br \/>\nC.I.F<\/strong>.: P0106800F<\/p>\n<h4>T\u00e9rminos y condiciones de uso del lugar web www.hei.eus<\/h4>\n<ul>\n<li>Este es un lugar web que el Ayuntamiento de Vitoria-Gasteiz pone a disposici\u00f3n de los\/as ciudadanos\/as de Vitoria-Gasteiz y de todos los\/las usuarios\/as de la red Internet. Su objetivo es suministrar servicio e informaci\u00f3n a dichos usuarios\/as y proyectar y dar a conocer as\u00ed la ciudad de Vitoria-Gasteiz y su actividad.<\/li>\n<li>Todos los derechos est\u00e1n reservados. No est\u00e1 permitida la modificaci\u00f3n de la web ni de sus contenidos.<\/li>\n<li>La informaci\u00f3n administrativa facilitada a trav\u00e9s de este web no sustituye la publicidad de los documentos que deban publicarse en Diarios y Boletines Oficiales, cuya edici\u00f3n es instrumento que da fe de su contenido.<\/li>\n<li>El Ayuntamiento de Vitoria-Gasteiz no es responsable del contenido, exactitud y actualizaci\u00f3n de la informaci\u00f3n que proviene de otras personas f\u00edsicas o jur\u00eddicas y que conste en el lugar web o a la que se remita a partir de enlaces u otros sistemas.<\/li>\n<li>El Ayuntamiento de Vitoria-Gasteiz no se hace responsable del uso por terceros de la informaci\u00f3n contenida, si bien \u00e9stos tendr\u00e1n que atenerse a las advertencias que consten para determinados documentos y aplicativos.<\/li>\n<li>Todos los datos suministrados por los\/las usuarios\/as no se destinar\u00e1n a otras finalidades que las expresadas en cada caso, ni tampoco se facilitar\u00e1n a terceros, de acuerdo con la <a href=\"https:\/\/sedeelectronica.vitoria-gasteiz.org\/j30-01s\/contenidoAction.do?idioma=es&amp;uid=u_7db76920_1438a3e2bf7__7f9e\">Pol\u00edtica de Privacidad<\/a> del Ayuntamiento de Vitoria-Gasteiz.<\/li>\n<li>En la <a href=\"https:\/\/sedeelectronica.vitoria-gasteiz.org\/j30-01s\/contenidoAction.do?idioma=es&amp;uid=u_7db76920_1438a3e2bf7__7f9e\">Pol\u00edtica de Privacidad<\/a> del Ayuntamiento de Vitoria-Gasteiz se indica el modo en que los\/las usuarios\/as pueden ejercer los derechos de acceso, rectificaci\u00f3n, supresi\u00f3n, limitaci\u00f3n del tratamiento, portabilidad y oposici\u00f3n sobre sus datos.<\/li>\n<li>El Ayuntamiento de Vitoria-Gasteiz no garantiza que el web y el servidor est\u00e9n libres de virus y no se hace responsable de los da\u00f1os causados por el acceso al lugar web o por la imposibilidad de acceder al mismo.<\/li>\n<li>El Ayuntamiento de Vitoria-Gasteiz se reserva el derecho a modificar y ampliar contenidos, informaciones, aplicativos, etc. de este lugar web en cualquier momento y sin previo aviso.<\/li>\n<li>El inter\u00e9s del Ayuntamiento de Vitoria-Gasteiz es el de que este lugar web funcione con la m\u00e1xima eficacia y cumpla la finalidad para la que ha sido creado y por ello lo mantiene, poniendo todos los medios razonables para conseguirlo, pero no se responsabiliza de posibles disfunciones y\/o anomal\u00edas en su funcionamiento.<\/li>\n<li>El Ayuntamiento de Vitoria-Gasteiz podr\u00e1 modificar los t\u00e9rminos y condiciones que aparecen en esta p\u00e1gina web y, por tanto, aconseja su consulta con una periodicidad razonable por si se producen cambios en los mismos.<\/li>\n<li>El uso de este lugar web implica la aceptaci\u00f3n de los t\u00e9rminos y condiciones contenidos en el mismo.<\/li>\n<li>Para cualquier aclaraci\u00f3n, informaci\u00f3n, sugerencia, queja, etc. pueden utilizar el buz\u00f3n de sugerencias de esta web o dirigirse a cualquier Oficina Municipal de Atenci\u00f3n Ciudadana.<\/li>\n<\/ul>\n<p><\/p>","protected":false},"excerpt":{"rendered":"<p>Aviso legal Informaci\u00f3n general en cumplimiento de la \u00abLey de [&hellip;]<\/p>\n","protected":false},"author":2,"featured_media":0,"parent":0,"menu_order":0,"comment_status":"closed","ping_status":"closed","template":"","meta":{"footnotes":""},"_links":{"self":[{"href":"https:\/\/hei.eus\/es\/wp-json\/wp\/v2\/pages\/12540"}],"collection":[{"href":"https:\/\/hei.eus\/es\/wp-json\/wp\/v2\/pages"}],"about":[{"href":"https:\/\/hei.eus\/es\/wp-json\/wp\/v2\/types\/page"}],"author":[{"embeddable":true,"href":"https:\/\/hei.eus\/es\/wp-json\/wp\/v2\/users\/2"}],"replies":[{"embeddable":true,"href":"https:\/\/hei.eus\/es\/wp-json\/wp\/v2\/comments?post=12540"}],"version-history":[{"count":0,"href":"https:\/\/hei.eus\/es\/wp-json\/wp\/v2\/pages\/12540\/revisions"}],"wp:attachment":[{"href":"https:\/\/hei.eus\/es\/wp-json\/wp\/v2\/media?parent=12540"}],"curies":[{"name":"wp","href":"https:\/\/api.w.org\/{rel}","templated":true}]}}