{"id":627,"date":"2019-12-09T16:10:58","date_gmt":"2019-12-09T15:10:58","guid":{"rendered":"https:\/\/pwa.pixybit.es\/?page_id=627"},"modified":"2019-12-20T11:01:26","modified_gmt":"2019-12-20T10:01:26","slug":"programa-de-actividades","status":"publish","type":"page","link":"https:\/\/hei.eus\/es\/programa-de-actividades\/","title":{"rendered":"HEI Programa de actividades"},"content":{"rendered":"<p><\/p>\n<h3>Programa de actividades<\/h3>\n<p><ul class=\"ecs-event-list\"><li class=\"ecs-event eventos_ecs_category\"><h4 class=\"entry-title summary\"><a href=\"https:\/\/hei.eus\/es\/eventos\/hei-eventos-nuria-teson-de-gaza-a-iran-geopolitica-y-violencia-contra-las-mujeres\/\" rel=\"bookmark\">HEI EVENTOS. Nuria Tes\u00f3n. De Gaza a Ir\u00e1n: geopol\u00edtica y violencia contra las mujeres<\/a><\/h4><span class=\"duration time\"><span class=\"tribe-event-date-start\">23 abril- 18:30<\/span> - <span class=\"tribe-event-time\">20:30<\/span><\/span><\/li><li class=\"ecs-event asociaciones_ecs_category\"><h4 class=\"entry-title summary\"><a href=\"https:\/\/hei.eus\/es\/eventos\/hei-asociaciones-generacion-de-imagenes-con-ia-sin-sesgos\/\" rel=\"bookmark\">HEI ASOCIACIONES. Generaci\u00f3n de im\u00e1genes con IA sin sesgos<\/a><\/h4><span class=\"duration time\"><span class=\"tribe-event-date-start\">11 mayo- 16:00<\/span> - <span class=\"tribe-event-time\">20:00<\/span><\/span><\/li><li class=\"ecs-event habilidades_ecs_category\"><h4 class=\"entry-title summary\"><a href=\"https:\/\/hei.eus\/es\/eventos\/hei-habilidades-sociales-dinamizacion-de-sesiones-participativas-y-eficaces\/\" rel=\"bookmark\">HEI HABILIDADES SOCIALES. Dinamizaci\u00f3n de sesiones participativas y eficaces<\/a><\/h4><span class=\"duration time\"><span class=\"tribe-event-date-start\">13 mayo- 09:30<\/span> - <span class=\"tribe-event-time\">13:30<\/span><\/span><\/li><li class=\"ecs-event habilidades_ecs_category\"><h4 class=\"entry-title summary\"><a href=\"https:\/\/hei.eus\/es\/eventos\/hei-habilidades-sociales-saio-parte-hartzaile-eta-eraginkorren-dinamizazioa\/\" rel=\"bookmark\">HEI HABILIDADES SOCIALES. Saio parte-hartzaile eta eraginkorren dinamizazioa<\/a><\/h4><span class=\"duration time\"><span class=\"tribe-event-date-start\">13 mayo- 16:00<\/span> - <span class=\"tribe-event-time\">20:00<\/span><\/span><\/li><li class=\"ecs-event asociaciones_ecs_category\"><h4 class=\"entry-title summary\"><a href=\"https:\/\/hei.eus\/es\/eventos\/hei-asociaciones-fiscalidad-para-asociaciones-conceptos-basicos\/\" rel=\"bookmark\">HEI ASOCIACIONES. Fiscalidad para asociaciones: conceptos b\u00e1sicos<\/a><\/h4><span class=\"duration time\"><span class=\"tribe-event-date-start\">20 mayo- 17:00<\/span> - <span class=\"tribe-event-time\">20:00<\/span><\/span><\/li><li class=\"ecs-event eventos_ecs_category\"><h4 class=\"entry-title summary\"><a href=\"https:\/\/hei.eus\/es\/eventos\/cineforum-entre-3-sedimentos\/\" rel=\"bookmark\">Cinef\u00f3rum entre 3: Sedimentos<\/a><\/h4><span class=\"duration time\"><span class=\"tribe-event-date-start\">21 mayo- 17:30<\/span> - <span class=\"tribe-event-time\">20:00<\/span><\/span><\/li><li class=\"ecs-event habilidades_ecs_category\"><h4 class=\"entry-title summary\"><a href=\"https:\/\/hei.eus\/es\/eventos\/hei-habilidades-sociales-comunicacion-que-construye-del-conflicto-al-entendimiento\/\" rel=\"bookmark\">HEI HABILIDADES SOCIALES. Comunicaci\u00f3n que construye: del conflicto al entendimiento<\/a><\/h4><span class=\"duration time\"><span class=\"tribe-event-date-start\">26 mayo- 16:30<\/span> - <span class=\"tribe-event-time\">19:30<\/span><\/span><\/li><li class=\"ecs-event lab_ecs_category\"><h4 class=\"entry-title summary\"><a href=\"https:\/\/hei.eus\/es\/eventos\/hei-lab-elkartasuna-herritartasuna-eraikitzen-duen-balioa\/\" rel=\"bookmark\">HEI LAB. Elkartasuna, herritartasuna eraikitzen duen balioa<\/a><\/h4><span class=\"duration time\"><span class=\"tribe-event-date-start\">27 mayo- 17:00<\/span> - <span class=\"tribe-event-time\">18:30<\/span><\/span><\/li><li class=\"ecs-event lab_ecs_category\"><h4 class=\"entry-title summary\"><a href=\"https:\/\/hei.eus\/es\/eventos\/hei-lab-la-solidaridad-un-valor-que-construye-ciudadania\/\" rel=\"bookmark\">HEI LAB. La solidaridad, un valor que construye ciudadan\u00eda<\/a><\/h4><span class=\"duration time\"><span class=\"tribe-event-date-start\">27 mayo- 18:30<\/span> - <span class=\"tribe-event-time\">20:00<\/span><\/span><\/li><li class=\"ecs-event conoce-vitoria_ecs_category\"><h4 class=\"entry-title summary\"><a href=\"https:\/\/hei.eus\/es\/eventos\/hei-conoce-vitoria-gasteiz-visita-al-banco-de-alimentos\/\" rel=\"bookmark\">HEI CONOCE VITORIA-GASTEIZ. Visita al Banco de Alimentos<\/a><\/h4><span class=\"duration time\"><span class=\"tribe-event-date-start\">1 junio- 10:30<\/span> - <span class=\"tribe-event-time\">12:00<\/span><\/span><\/li><li class=\"ecs-event conoce-vitoria_ecs_category\"><h4 class=\"entry-title summary\"><a href=\"https:\/\/hei.eus\/es\/eventos\/hei-conoce-vitoria-gasteiz-elikagaien-bankura-bisita\/\" rel=\"bookmark\">HEI CONOCE VITORIA-GASTEIZ. Elikagaien Bankura bisita<\/a><\/h4><span class=\"duration time\"><span class=\"tribe-event-date-start\">1 junio- 10:30<\/span> - <span class=\"tribe-event-time\">12:00<\/span><\/span><\/li><li class=\"ecs-event eventos_ecs_category\"><h4 class=\"entry-title summary\"><a href=\"https:\/\/hei.eus\/es\/eventos\/hei-eventos-javier-armentia-eclipses-ciencia-y-cultura-con-el-sol-y-la-luna\/\" rel=\"bookmark\">HEI EVENTOS. Javier Armentia. Eclipses: ciencia y cultura con el Sol y la Luna<\/a><\/h4><span class=\"duration time\"><span class=\"tribe-event-date-start\">9 junio- 18:00<\/span> - <span class=\"tribe-event-time\">20:00<\/span><\/span><\/li><\/ul><script type=\"application\/ld+json\">\r\n[{\"@context\":\"http:\/\/schema.org\",\"@type\":\"Event\",\"name\":\"HEI EVENTOS. Nuria Tes\\u00f3n. De Gaza a Ir\\u00e1n: geopol\\u00edtica y violencia contra las mujeres\",\"description\":\"&lt;p&gt;23\/04\/2026 18:30 - 20:30 Palacio de Congresos Europa Todos los [&hellip;]&lt;\/p&gt;\\\\n\",\"url\":\"https:\/\/hei.eus\/es\/eventos\/hei-eventos-nuria-teson-de-gaza-a-iran-geopolitica-y-violencia-contra-las-mujeres\/\",\"eventAttendanceMode\":\"https:\/\/schema.org\/OfflineEventAttendanceMode\",\"eventStatus\":\"https:\/\/schema.org\/EventScheduled\",\"startDate\":\"2026-04-23T18:30:00+02:00\",\"endDate\":\"2026-04-23T20:30:00+02:00\",\"organizer\":{\"@type\":\"Person\",\"name\":\"Escuela Abierta de la Ciudadan\\u00eda (HEI)\",\"description\":\"\",\"url\":\"\",\"telephone\":\"\",\"email\":\"\",\"sameAs\":\"\"},\"performer\":\"Organization\"},{\"@context\":\"http:\/\/schema.org\",\"@type\":\"Event\",\"name\":\"HEI ASOCIACIONES. Generaci\\u00f3n de im\\u00e1genes con IA sin sesgos\",\"description\":\"&lt;p&gt;11\/05\/2026 16:00 - 20:00 Saregune (Cant\\u00f3n de Santa Mar\\u00eda, 4) [&hellip;]&lt;\/p&gt;\\\\n\",\"url\":\"https:\/\/hei.eus\/es\/eventos\/hei-asociaciones-generacion-de-imagenes-con-ia-sin-sesgos\/\",\"eventAttendanceMode\":\"https:\/\/schema.org\/OfflineEventAttendanceMode\",\"eventStatus\":\"https:\/\/schema.org\/EventScheduled\",\"startDate\":\"2026-05-11T16:00:00+02:00\",\"endDate\":\"2026-05-11T20:00:00+02:00\",\"organizer\":{\"@type\":\"Person\",\"name\":\"Escuela Abierta de la Ciudadan\\u00eda (HEI)\",\"description\":\"\",\"url\":\"\",\"telephone\":\"\",\"email\":\"\",\"sameAs\":\"\"},\"performer\":\"Organization\"},{\"@context\":\"http:\/\/schema.org\",\"@type\":\"Event\",\"name\":\"HEI HABILIDADES SOCIALES. Dinamizaci\\u00f3n de sesiones participativas y eficaces\",\"description\":\"&lt;p&gt;13\/05\/2026 09:30 - 13:30 Casa de Asociaciones Simone de Beauvoir [&hellip;]&lt;\/p&gt;\\\\n\",\"url\":\"https:\/\/hei.eus\/es\/eventos\/hei-habilidades-sociales-dinamizacion-de-sesiones-participativas-y-eficaces\/\",\"eventAttendanceMode\":\"https:\/\/schema.org\/OfflineEventAttendanceMode\",\"eventStatus\":\"https:\/\/schema.org\/EventScheduled\",\"startDate\":\"2026-05-13T09:30:00+02:00\",\"endDate\":\"2026-05-13T13:30:00+02:00\",\"organizer\":{\"@type\":\"Person\",\"name\":\"Escuela Abierta de la Ciudadan\\u00eda (HEI)\",\"description\":\"\",\"url\":\"\",\"telephone\":\"\",\"email\":\"\",\"sameAs\":\"\"},\"performer\":\"Organization\"},{\"@context\":\"http:\/\/schema.org\",\"@type\":\"Event\",\"name\":\"HEI HABILIDADES SOCIALES. Saio parte-hartzaile eta eraginkorren dinamizazioa\",\"description\":\"&lt;p&gt;13\/05\/2026 16:00 - 20:00 Casa de Asociaciones Simone de Beauvoir [&hellip;]&lt;\/p&gt;\\\\n\",\"url\":\"https:\/\/hei.eus\/es\/eventos\/hei-habilidades-sociales-saio-parte-hartzaile-eta-eraginkorren-dinamizazioa\/\",\"eventAttendanceMode\":\"https:\/\/schema.org\/OfflineEventAttendanceMode\",\"eventStatus\":\"https:\/\/schema.org\/EventScheduled\",\"startDate\":\"2026-05-13T16:00:00+02:00\",\"endDate\":\"2026-05-13T20:00:00+02:00\",\"organizer\":{\"@type\":\"Person\",\"name\":\"Escuela Abierta de la Ciudadan\\u00eda (HEI)\",\"description\":\"\",\"url\":\"\",\"telephone\":\"\",\"email\":\"\",\"sameAs\":\"\"},\"performer\":\"Organization\"},{\"@context\":\"http:\/\/schema.org\",\"@type\":\"Event\",\"name\":\"HEI ASOCIACIONES. Fiscalidad para asociaciones: conceptos b\\u00e1sicos\",\"description\":\"&lt;p&gt;20\/05\/2026 17:00 - 20:00 Casa de Asociaciones Simone de Beauvoir [&hellip;]&lt;\/p&gt;\\\\n\",\"url\":\"https:\/\/hei.eus\/es\/eventos\/hei-asociaciones-fiscalidad-para-asociaciones-conceptos-basicos\/\",\"eventAttendanceMode\":\"https:\/\/schema.org\/OfflineEventAttendanceMode\",\"eventStatus\":\"https:\/\/schema.org\/EventScheduled\",\"startDate\":\"2026-05-20T17:00:00+02:00\",\"endDate\":\"2026-05-20T20:00:00+02:00\",\"organizer\":{\"@type\":\"Person\",\"name\":\"Escuela Abierta de la Ciudadan\\u00eda (HEI)\",\"description\":\"\",\"url\":\"\",\"telephone\":\"\",\"email\":\"\",\"sameAs\":\"\"},\"performer\":\"Organization\"},{\"@context\":\"http:\/\/schema.org\",\"@type\":\"Event\",\"name\":\"Cinef\\u00f3rum entre 3: Sedimentos\",\"description\":\"&lt;p&gt;21\/05\/2026 17:30 Cines Florida, sala 1 Todos los p\\u00fablicos Castellano [&hellip;]&lt;\/p&gt;\\\\n\",\"url\":\"https:\/\/hei.eus\/es\/eventos\/cineforum-entre-3-sedimentos\/\",\"eventAttendanceMode\":\"https:\/\/schema.org\/OfflineEventAttendanceMode\",\"eventStatus\":\"https:\/\/schema.org\/EventScheduled\",\"startDate\":\"2026-05-21T17:30:00+02:00\",\"endDate\":\"2026-05-21T20:00:00+02:00\",\"organizer\":{\"@type\":\"Person\",\"name\":\"Escuela Abierta de la Ciudadan\\u00eda (HEI)\",\"description\":\"\",\"url\":\"\",\"telephone\":\"\",\"email\":\"\",\"sameAs\":\"\"},\"performer\":\"Organization\"},{\"@context\":\"http:\/\/schema.org\",\"@type\":\"Event\",\"name\":\"HEI HABILIDADES SOCIALES. Comunicaci\\u00f3n que construye: del conflicto al entendimiento\",\"description\":\"&lt;p&gt;26\/05\/2026 16:30 - 19:30 Casa de Asociaciones Simone de Beauvoir [&hellip;]&lt;\/p&gt;\\\\n\",\"url\":\"https:\/\/hei.eus\/es\/eventos\/hei-habilidades-sociales-comunicacion-que-construye-del-conflicto-al-entendimiento\/\",\"eventAttendanceMode\":\"https:\/\/schema.org\/OfflineEventAttendanceMode\",\"eventStatus\":\"https:\/\/schema.org\/EventScheduled\",\"startDate\":\"2026-05-26T16:30:00+02:00\",\"endDate\":\"2026-05-26T19:30:00+02:00\",\"organizer\":{\"@type\":\"Person\",\"name\":\"Escuela Abierta de la Ciudadan\\u00eda (HEI)\",\"description\":\"\",\"url\":\"\",\"telephone\":\"\",\"email\":\"\",\"sameAs\":\"\"},\"performer\":\"Organization\"},{\"@context\":\"http:\/\/schema.org\",\"@type\":\"Event\",\"name\":\"HEI LAB. Elkartasuna, herritartasuna eraikitzen duen balioa\",\"description\":\"&lt;p&gt;27\/05\/2026 17:00 - 18:30 Las Terrazas de la Florida (Parque [&hellip;]&lt;\/p&gt;\\\\n\",\"url\":\"https:\/\/hei.eus\/es\/eventos\/hei-lab-elkartasuna-herritartasuna-eraikitzen-duen-balioa\/\",\"eventAttendanceMode\":\"https:\/\/schema.org\/OfflineEventAttendanceMode\",\"eventStatus\":\"https:\/\/schema.org\/EventScheduled\",\"startDate\":\"2026-05-27T17:00:00+02:00\",\"endDate\":\"2026-05-27T18:30:00+02:00\",\"organizer\":{\"@type\":\"Person\",\"name\":\"Escuela Abierta de la Ciudadan\\u00eda (HEI)\",\"description\":\"\",\"url\":\"\",\"telephone\":\"\",\"email\":\"\",\"sameAs\":\"\"},\"performer\":\"Organization\"},{\"@context\":\"http:\/\/schema.org\",\"@type\":\"Event\",\"name\":\"HEI LAB. La solidaridad, un valor que construye ciudadan\\u00eda\",\"description\":\"&lt;p&gt;27\/05\/2026 18:30 - 20:00 Las Terrazas de la Florida (Parque [&hellip;]&lt;\/p&gt;\\\\n\",\"url\":\"https:\/\/hei.eus\/es\/eventos\/hei-lab-la-solidaridad-un-valor-que-construye-ciudadania\/\",\"eventAttendanceMode\":\"https:\/\/schema.org\/OfflineEventAttendanceMode\",\"eventStatus\":\"https:\/\/schema.org\/EventScheduled\",\"startDate\":\"2026-05-27T18:30:00+02:00\",\"endDate\":\"2026-05-27T20:00:00+02:00\",\"organizer\":{\"@type\":\"Person\",\"name\":\"Escuela Abierta de la Ciudadan\\u00eda (HEI)\",\"description\":\"\",\"url\":\"\",\"telephone\":\"\",\"email\":\"\",\"sameAs\":\"\"},\"performer\":\"Organization\"},{\"@context\":\"http:\/\/schema.org\",\"@type\":\"Event\",\"name\":\"HEI CONOCE VITORIA-GASTEIZ. Visita al Banco de Alimentos\",\"description\":\"&lt;p&gt;01\/06\/2026 10:30 - 12:00 Salida en autob\\u00fas a las 10:00h [&hellip;]&lt;\/p&gt;\\\\n\",\"url\":\"https:\/\/hei.eus\/es\/eventos\/hei-conoce-vitoria-gasteiz-visita-al-banco-de-alimentos\/\",\"eventAttendanceMode\":\"https:\/\/schema.org\/OfflineEventAttendanceMode\",\"eventStatus\":\"https:\/\/schema.org\/EventScheduled\",\"startDate\":\"2026-06-01T10:30:00+02:00\",\"endDate\":\"2026-06-01T12:00:00+02:00\",\"organizer\":{\"@type\":\"Person\",\"name\":\"Escuela Abierta de la Ciudadan\\u00eda (HEI)\",\"description\":\"\",\"url\":\"\",\"telephone\":\"\",\"email\":\"\",\"sameAs\":\"\"},\"performer\":\"Organization\"},{\"@context\":\"http:\/\/schema.org\",\"@type\":\"Event\",\"name\":\"HEI CONOCE VITORIA-GASTEIZ. Elikagaien Bankura bisita\",\"description\":\"&lt;p&gt;01\/06\/2026 10:30 - 12:00 Salida en autob\\u00fas a las 10:00h [&hellip;]&lt;\/p&gt;\\\\n\",\"url\":\"https:\/\/hei.eus\/es\/eventos\/hei-conoce-vitoria-gasteiz-elikagaien-bankura-bisita\/\",\"eventAttendanceMode\":\"https:\/\/schema.org\/OfflineEventAttendanceMode\",\"eventStatus\":\"https:\/\/schema.org\/EventScheduled\",\"startDate\":\"2026-06-01T10:30:00+02:00\",\"endDate\":\"2026-06-01T12:00:00+02:00\",\"organizer\":{\"@type\":\"Person\",\"name\":\"Escuela Abierta de la Ciudadan\\u00eda (HEI)\",\"description\":\"\",\"url\":\"\",\"telephone\":\"\",\"email\":\"\",\"sameAs\":\"\"},\"performer\":\"Organization\"},{\"@context\":\"http:\/\/schema.org\",\"@type\":\"Event\",\"name\":\"HEI EVENTOS. Javier Armentia. Eclipses: ciencia y cultura con el Sol y la Luna\",\"description\":\"&lt;p&gt;09\/06\/2026 18:00 - 20:00 Palacio de Congresos Europa Todos los [&hellip;]&lt;\/p&gt;\\\\n\",\"url\":\"https:\/\/hei.eus\/es\/eventos\/hei-eventos-javier-armentia-eclipses-ciencia-y-cultura-con-el-sol-y-la-luna\/\",\"eventAttendanceMode\":\"https:\/\/schema.org\/OfflineEventAttendanceMode\",\"eventStatus\":\"https:\/\/schema.org\/EventScheduled\",\"startDate\":\"2026-06-09T18:00:00+02:00\",\"endDate\":\"2026-06-09T20:00:00+02:00\",\"organizer\":{\"@type\":\"Person\",\"name\":\"Escuela Abierta de la Ciudadan\\u00eda (HEI)\",\"description\":\"\",\"url\":\"\",\"telephone\":\"\",\"email\":\"\",\"sameAs\":\"\"},\"performer\":\"Organization\"}]\r\n<\/script><!--\n Event listing powered by The Events Calendar Shortcode\n https:\/\/eventcalendarnewsletter.com\/the-events-calendar-shortcode\/ \n--><\/p>","protected":false},"excerpt":{"rendered":"<p>Programa de actividades<\/p>\n","protected":false},"author":2,"featured_media":0,"parent":0,"menu_order":0,"comment_status":"closed","ping_status":"closed","template":"","meta":{"footnotes":""},"_links":{"self":[{"href":"https:\/\/hei.eus\/es\/wp-json\/wp\/v2\/pages\/627"}],"collection":[{"href":"https:\/\/hei.eus\/es\/wp-json\/wp\/v2\/pages"}],"about":[{"href":"https:\/\/hei.eus\/es\/wp-json\/wp\/v2\/types\/page"}],"author":[{"embeddable":true,"href":"https:\/\/hei.eus\/es\/wp-json\/wp\/v2\/users\/2"}],"replies":[{"embeddable":true,"href":"https:\/\/hei.eus\/es\/wp-json\/wp\/v2\/comments?post=627"}],"version-history":[{"count":0,"href":"https:\/\/hei.eus\/es\/wp-json\/wp\/v2\/pages\/627\/revisions"}],"wp:attachment":[{"href":"https:\/\/hei.eus\/es\/wp-json\/wp\/v2\/media?parent=627"}],"curies":[{"name":"wp","href":"https:\/\/api.w.org\/{rel}","templated":true}]}}